{"id":37,"date":"2019-07-07T11:15:49","date_gmt":"2019-07-07T09:15:49","guid":{"rendered":"https:\/\/radomiak.pl\/sklep\/?page_id=37"},"modified":"2019-09-25T13:55:00","modified_gmt":"2019-09-25T11:55:00","slug":"kontakt","status":"publish","type":"page","link":"https:\/\/radomiak.sklep.pl\/?page_id=37","title":{"rendered":"Kontakt"},"content":{"rendered":"<p style=\"text-align:left\"><strong>Mo\u017cesz si\u0119 z nami skontaktowa\u0107 wype\u0142niaj\u0105c poni\u017cszy formularz<\/strong>:<\/p><p>[contact-form-7 id=&#8221;177&#8243; title=&#8221;Formularz 1&#8243;]<\/p>","protected":false},"excerpt":{"rendered":"<p>Mo\u017cesz si\u0119 z nami skontaktowa\u0107 wype\u0142niaj\u0105c poni\u017cszy formularz:<\/p>\n","protected":false},"author":1,"featured_media":0,"parent":0,"menu_order":0,"comment_status":"closed","ping_status":"closed","template":"","meta":{"footnotes":""},"class_list":["post-37","page","type-page","status-publish","hentry"],"_links":{"self":[{"href":"https:\/\/radomiak.sklep.pl\/index.php?rest_route=\/wp\/v2\/pages\/37"}],"collection":[{"href":"https:\/\/radomiak.sklep.pl\/index.php?rest_route=\/wp\/v2\/pages"}],"about":[{"href":"https:\/\/radomiak.sklep.pl\/index.php?rest_route=\/wp\/v2\/types\/page"}],"author":[{"embeddable":true,"href":"https:\/\/radomiak.sklep.pl\/index.php?rest_route=\/wp\/v2\/users\/1"}],"replies":[{"embeddable":true,"href":"https:\/\/radomiak.sklep.pl\/index.php?rest_route=%2Fwp%2Fv2%2Fcomments&post=37"}],"version-history":[{"count":8,"href":"https:\/\/radomiak.sklep.pl\/index.php?rest_route=\/wp\/v2\/pages\/37\/revisions"}],"predecessor-version":[{"id":181,"href":"https:\/\/radomiak.sklep.pl\/index.php?rest_route=\/wp\/v2\/pages\/37\/revisions\/181"}],"wp:attachment":[{"href":"https:\/\/radomiak.sklep.pl\/index.php?rest_route=%2Fwp%2Fv2%2Fmedia&parent=37"}],"curies":[{"name":"wp","href":"https:\/\/api.w.org\/{rel}","templated":true}]}}