{"id":3721,"date":"2020-09-23T10:04:43","date_gmt":"2020-09-23T08:04:43","guid":{"rendered":"http:\/\/radomiak.sklep.pl\/?post_type=product&#038;p=3721"},"modified":"2025-11-20T10:10:01","modified_gmt":"2025-11-20T09:10:01","slug":"smycz-radomiak-radom-legia-warszawa","status":"publish","type":"product","link":"https:\/\/radomiak.sklep.pl\/?product=smycz-radomiak-radom-legia-warszawa","title":{"rendered":"Smycz Radomiak Radom Legia Warszawa"},"content":{"rendered":"","protected":false},"excerpt":{"rendered":"<ul>\n<li>Szeroko\u015b\u0107 2,5 cm<\/li>\n<li>Karabi\u0144czyk, z\u0142\u0105czka<\/li>\n<\/ul>\n","protected":false},"featured_media":3723,"template":"","meta":[],"product_cat":[90,19],"product_tag":[],"class_list":{"0":"post-3721","1":"product","2":"type-product","3":"status-publish","4":"has-post-thumbnail","6":"product_cat-kibicowskie","7":"product_cat-gadzety","9":"first","10":"instock","11":"shipping-taxable","12":"purchasable","13":"product-type-simple"},"_links":{"self":[{"href":"https:\/\/radomiak.sklep.pl\/index.php?rest_route=\/wp\/v2\/product\/3721"}],"collection":[{"href":"https:\/\/radomiak.sklep.pl\/index.php?rest_route=\/wp\/v2\/product"}],"about":[{"href":"https:\/\/radomiak.sklep.pl\/index.php?rest_route=\/wp\/v2\/types\/product"}],"wp:featuredmedia":[{"embeddable":true,"href":"https:\/\/radomiak.sklep.pl\/index.php?rest_route=\/wp\/v2\/media\/3723"}],"wp:attachment":[{"href":"https:\/\/radomiak.sklep.pl\/index.php?rest_route=%2Fwp%2Fv2%2Fmedia&parent=3721"}],"wp:term":[{"taxonomy":"product_cat","embeddable":true,"href":"https:\/\/radomiak.sklep.pl\/index.php?rest_route=%2Fwp%2Fv2%2Fproduct_cat&post=3721"},{"taxonomy":"product_tag","embeddable":true,"href":"https:\/\/radomiak.sklep.pl\/index.php?rest_route=%2Fwp%2Fv2%2Fproduct_tag&post=3721"}],"curies":[{"name":"wp","href":"https:\/\/api.w.org\/{rel}","templated":true}]}}