{"id":39501,"date":"2023-11-23T09:13:31","date_gmt":"2023-11-23T08:13:31","guid":{"rendered":"http:\/\/radomiak.sklep.pl\/?post_type=product&#038;p=39501"},"modified":"2026-03-25T09:26:46","modified_gmt":"2026-03-25T08:26:46","slug":"spodenki-athletex-sportowy-radomiak","status":"publish","type":"product","link":"https:\/\/radomiak.sklep.pl\/?product=spodenki-athletex-sportowy-radomiak","title":{"rendered":"Spodenki ATHLETEX Sportowy Radomiak"},"content":{"rendered":"<p>Zaprojektowane z najwy\u017cszej jako\u015bci materia\u0142\u00f3w, trwa\u0142e oraz funkcjonalne, sportowe spodenki typu athletic.<br \/>\nZe wzgl\u0119du na swoj\u0105 lekko\u015b\u0107, zapewniaj\u0105 du\u017cy komfort podczas \u0107wicze\u0144.<br \/>\nWykonane z mi\u0119kkiego i oddychaj\u0105cego materia\u0142u. Specjalnie tkane w\u0142\u00f3kna poliestrowe odprowadzaj\u0105 wilgo\u0107 i optymalnie reguluj\u0105 temperatur\u0119 cia\u0142a.<\/p>\n","protected":false},"excerpt":{"rendered":"<p><img loading=\"lazy\" decoding=\"async\" class=\"alignnone size-full wp-image-39639\" src=\"https:\/\/radomiak.sklep.pl\/wp-content\/uploads\/2023\/11\/rozmiarowkaspodenkiatletic-scaled.jpeg\" alt=\"\" width=\"2560\" height=\"2440\" srcset=\"https:\/\/radomiak.sklep.pl\/wp-content\/uploads\/2023\/11\/rozmiarowkaspodenkiatletic-scaled.jpeg 2560w, https:\/\/radomiak.sklep.pl\/wp-content\/uploads\/2023\/11\/rozmiarowkaspodenkiatletic-300x286.jpeg 300w, https:\/\/radomiak.sklep.pl\/wp-content\/uploads\/2023\/11\/rozmiarowkaspodenkiatletic-1024x976.jpeg 1024w, https:\/\/radomiak.sklep.pl\/wp-content\/uploads\/2023\/11\/rozmiarowkaspodenkiatletic-768x732.jpeg 768w, https:\/\/radomiak.sklep.pl\/wp-content\/uploads\/2023\/11\/rozmiarowkaspodenkiatletic-1536x1464.jpeg 1536w, https:\/\/radomiak.sklep.pl\/wp-content\/uploads\/2023\/11\/rozmiarowkaspodenkiatletic-2048x1952.jpeg 2048w, https:\/\/radomiak.sklep.pl\/wp-content\/uploads\/2023\/11\/rozmiarowkaspodenkiatletic-600x572.jpeg 600w\" sizes=\"(max-width: 2560px) 100vw, 2560px\" \/><\/p>\n","protected":false},"featured_media":39503,"template":"","meta":[],"product_cat":[90,18,32,86],"product_tag":[],"class_list":{"0":"post-39501","1":"product","2":"type-product","3":"status-publish","4":"has-post-thumbnail","6":"product_cat-kibicowskie","7":"product_cat-odziez","8":"product_cat-dla-niego","9":"product_cat-inne-meskie","11":"first","12":"instock","13":"shipping-taxable","14":"purchasable","15":"product-type-variable"},"_links":{"self":[{"href":"https:\/\/radomiak.sklep.pl\/index.php?rest_route=\/wp\/v2\/product\/39501"}],"collection":[{"href":"https:\/\/radomiak.sklep.pl\/index.php?rest_route=\/wp\/v2\/product"}],"about":[{"href":"https:\/\/radomiak.sklep.pl\/index.php?rest_route=\/wp\/v2\/types\/product"}],"wp:featuredmedia":[{"embeddable":true,"href":"https:\/\/radomiak.sklep.pl\/index.php?rest_route=\/wp\/v2\/media\/39503"}],"wp:attachment":[{"href":"https:\/\/radomiak.sklep.pl\/index.php?rest_route=%2Fwp%2Fv2%2Fmedia&parent=39501"}],"wp:term":[{"taxonomy":"product_cat","embeddable":true,"href":"https:\/\/radomiak.sklep.pl\/index.php?rest_route=%2Fwp%2Fv2%2Fproduct_cat&post=39501"},{"taxonomy":"product_tag","embeddable":true,"href":"https:\/\/radomiak.sklep.pl\/index.php?rest_route=%2Fwp%2Fv2%2Fproduct_tag&post=39501"}],"curies":[{"name":"wp","href":"https:\/\/api.w.org\/{rel}","templated":true}]}}