{"id":39510,"date":"2023-11-23T09:28:32","date_gmt":"2023-11-23T08:28:32","guid":{"rendered":"http:\/\/radomiak.sklep.pl\/?post_type=product&#038;p=39510"},"modified":"2026-04-20T08:50:29","modified_gmt":"2026-04-20T06:50:29","slug":"rashguard-athletex-sportowy-radomiak-dlugi-rekaw","status":"publish","type":"product","link":"https:\/\/radomiak.sklep.pl\/?product=rashguard-athletex-sportowy-radomiak-dlugi-rekaw","title":{"rendered":"Rashguard ATHLETEX Sportowy Radomiak &#8211; d\u0142ugi r\u0119kaw"},"content":{"rendered":"<p>Nowoczesny\u00a0rashguard\u00a0treningowy wykonany z najwy\u017cszej jako\u015bci elastycznego materia\u0142u oddychaj\u0105cego. Jego lekko\u015b\u0107 i konstrukcja powoduj\u0105ca dopasowanie do ka\u017cdego rodzaju sylwetki zapewni pe\u0142en komfort podczas treningu w ka\u017cdych warunkach.<\/p>\n<p>Rashguard dopasowuje si\u0119 do typu sylwetki podkre\u015blaj\u0105c jej kszta\u0142t. Dzi\u0119ki wykonaniu z materia\u0142u o niskiej gramaturze zachowuje lekko\u015b\u0107 i plastyczno\u015b\u0107.<\/p>\n<p>Jest oddychaj\u0105cy oraz szybkoschn\u0105cy, co zapewnia komfort w ka\u017cdych, nawet najci\u0119\u017cszych warunkach. Dzi\u0119ki technologii water repellent jest odporna na plamy oraz zabrudzenia. Ponadto nie przejmuje zapachu potu i jest antybakteryjna.<\/p>\n","protected":false},"excerpt":{"rendered":"<p><img loading=\"lazy\" decoding=\"async\" class=\"alignnone size-full wp-image-39512\" src=\"https:\/\/radomiak.sklep.pl\/wp-content\/uploads\/2023\/11\/reglan-long-rozmiarowka.jpg\" alt=\"\" width=\"1373\" height=\"1340\" srcset=\"https:\/\/radomiak.sklep.pl\/wp-content\/uploads\/2023\/11\/reglan-long-rozmiarowka.jpg 1373w, https:\/\/radomiak.sklep.pl\/wp-content\/uploads\/2023\/11\/reglan-long-rozmiarowka-300x293.jpg 300w, https:\/\/radomiak.sklep.pl\/wp-content\/uploads\/2023\/11\/reglan-long-rozmiarowka-1024x999.jpg 1024w, https:\/\/radomiak.sklep.pl\/wp-content\/uploads\/2023\/11\/reglan-long-rozmiarowka-768x750.jpg 768w, https:\/\/radomiak.sklep.pl\/wp-content\/uploads\/2023\/11\/reglan-long-rozmiarowka-600x586.jpg 600w\" sizes=\"(max-width: 1373px) 100vw, 1373px\" \/><\/p>\n","protected":false},"featured_media":39513,"template":"","meta":[],"product_cat":[90,18,32,78],"product_tag":[],"class_list":{"0":"post-39510","1":"product","2":"type-product","3":"status-publish","4":"has-post-thumbnail","6":"product_cat-kibicowskie","7":"product_cat-odziez","8":"product_cat-dla-niego","9":"product_cat-koszulki-meskie","11":"first","12":"instock","13":"shipping-taxable","14":"purchasable","15":"product-type-variable"},"_links":{"self":[{"href":"https:\/\/radomiak.sklep.pl\/index.php?rest_route=\/wp\/v2\/product\/39510"}],"collection":[{"href":"https:\/\/radomiak.sklep.pl\/index.php?rest_route=\/wp\/v2\/product"}],"about":[{"href":"https:\/\/radomiak.sklep.pl\/index.php?rest_route=\/wp\/v2\/types\/product"}],"wp:featuredmedia":[{"embeddable":true,"href":"https:\/\/radomiak.sklep.pl\/index.php?rest_route=\/wp\/v2\/media\/39513"}],"wp:attachment":[{"href":"https:\/\/radomiak.sklep.pl\/index.php?rest_route=%2Fwp%2Fv2%2Fmedia&parent=39510"}],"wp:term":[{"taxonomy":"product_cat","embeddable":true,"href":"https:\/\/radomiak.sklep.pl\/index.php?rest_route=%2Fwp%2Fv2%2Fproduct_cat&post=39510"},{"taxonomy":"product_tag","embeddable":true,"href":"https:\/\/radomiak.sklep.pl\/index.php?rest_route=%2Fwp%2Fv2%2Fproduct_tag&post=39510"}],"curies":[{"name":"wp","href":"https:\/\/api.w.org\/{rel}","templated":true}]}}