{"id":50668,"date":"2024-06-04T13:31:10","date_gmt":"2024-06-04T11:31:10","guid":{"rendered":"http:\/\/radomiak.sklep.pl\/?post_type=product&#038;p=50668"},"modified":"2026-01-13T11:04:35","modified_gmt":"2026-01-13T10:04:35","slug":"smycz-radomiak-radom-1910-zielona","status":"publish","type":"product","link":"https:\/\/radomiak.sklep.pl\/?product=smycz-radomiak-radom-1910-zielona","title":{"rendered":"Smycz Radomiak Radom 1910 &#8211; zielona"},"content":{"rendered":"","protected":false},"excerpt":{"rendered":"<ul>\n<li>Szeroko\u015b\u0107 2,5 cm<\/li>\n<li>Karabi\u0144czyk, z\u0142\u0105czka<\/li>\n<\/ul>\n","protected":false},"featured_media":50669,"template":"","meta":[],"product_cat":[90,19],"product_tag":[],"class_list":{"0":"post-50668","1":"product","2":"type-product","3":"status-publish","4":"has-post-thumbnail","6":"product_cat-kibicowskie","7":"product_cat-gadzety","9":"first","10":"instock","11":"shipping-taxable","12":"purchasable","13":"product-type-simple"},"_links":{"self":[{"href":"https:\/\/radomiak.sklep.pl\/index.php?rest_route=\/wp\/v2\/product\/50668"}],"collection":[{"href":"https:\/\/radomiak.sklep.pl\/index.php?rest_route=\/wp\/v2\/product"}],"about":[{"href":"https:\/\/radomiak.sklep.pl\/index.php?rest_route=\/wp\/v2\/types\/product"}],"wp:featuredmedia":[{"embeddable":true,"href":"https:\/\/radomiak.sklep.pl\/index.php?rest_route=\/wp\/v2\/media\/50669"}],"wp:attachment":[{"href":"https:\/\/radomiak.sklep.pl\/index.php?rest_route=%2Fwp%2Fv2%2Fmedia&parent=50668"}],"wp:term":[{"taxonomy":"product_cat","embeddable":true,"href":"https:\/\/radomiak.sklep.pl\/index.php?rest_route=%2Fwp%2Fv2%2Fproduct_cat&post=50668"},{"taxonomy":"product_tag","embeddable":true,"href":"https:\/\/radomiak.sklep.pl\/index.php?rest_route=%2Fwp%2Fv2%2Fproduct_tag&post=50668"}],"curies":[{"name":"wp","href":"https:\/\/api.w.org\/{rel}","templated":true}]}}