{"id":51444,"date":"2024-06-20T12:36:32","date_gmt":"2024-06-20T10:36:32","guid":{"rendered":"http:\/\/radomiak.sklep.pl\/?post_type=product&#038;p=51444"},"modified":"2025-04-28T12:47:59","modified_gmt":"2025-04-28T10:47:59","slug":"koszulka-radomiak-radomski-klub-sportowy-czarna","status":"publish","type":"product","link":"https:\/\/radomiak.sklep.pl\/?product=koszulka-radomiak-radomski-klub-sportowy-czarna","title":{"rendered":"Koszulka RADOMIAK Radomski Klub Sportowy &#8211; czarna"},"content":{"rendered":"","protected":false},"excerpt":{"rendered":"<ul>\n<li>Polski Producent<\/li>\n<li>Wysoka jako\u015b\u0107 materia\u0142u<\/li>\n<li>Nadruk prz\u00f3d\/ty\u0142<\/li>\n<li>100% bawe\u0142na, gramatura 190<\/li>\n<\/ul>\n<p><img loading=\"lazy\" decoding=\"async\" class=\"alignleft wp-image-735\" src=\"https:\/\/radomiak.sklep.pl\/wp-content\/uploads\/2020\/03\/rozmiarowka.png\" alt=\"\" width=\"160\" height=\"204\" \/><\/p>\n<p><strong>Tabela rozmiar\u00f3w (A\/B)<br \/>\n<\/strong><em>Tolerancja +\/- 1 cm<\/em><br \/>\n<strong>XS: <\/strong>48\/66 cm<br \/>\n<strong>S:<\/strong> 50\/68 cm<br \/>\n<strong>M:<\/strong> 52\/70 cm<br \/>\n<strong>L:<\/strong> 55\/72 cm<br \/>\n<strong>XL:<\/strong> 58\/74 cm<br \/>\n<strong>XXL:<\/strong> 60\/77 cm<br \/>\n<strong>XXXL:\u00a0<\/strong>62\/80 cm<\/p>\n","protected":false},"featured_media":51451,"template":"","meta":[],"product_cat":[90,18,32,78],"product_tag":[],"class_list":{"0":"post-51444","1":"product","2":"type-product","3":"status-publish","4":"has-post-thumbnail","6":"product_cat-kibicowskie","7":"product_cat-odziez","8":"product_cat-dla-niego","9":"product_cat-koszulki-meskie","11":"first","12":"instock","13":"shipping-taxable","14":"purchasable","15":"product-type-variable"},"_links":{"self":[{"href":"https:\/\/radomiak.sklep.pl\/index.php?rest_route=\/wp\/v2\/product\/51444"}],"collection":[{"href":"https:\/\/radomiak.sklep.pl\/index.php?rest_route=\/wp\/v2\/product"}],"about":[{"href":"https:\/\/radomiak.sklep.pl\/index.php?rest_route=\/wp\/v2\/types\/product"}],"wp:featuredmedia":[{"embeddable":true,"href":"https:\/\/radomiak.sklep.pl\/index.php?rest_route=\/wp\/v2\/media\/51451"}],"wp:attachment":[{"href":"https:\/\/radomiak.sklep.pl\/index.php?rest_route=%2Fwp%2Fv2%2Fmedia&parent=51444"}],"wp:term":[{"taxonomy":"product_cat","embeddable":true,"href":"https:\/\/radomiak.sklep.pl\/index.php?rest_route=%2Fwp%2Fv2%2Fproduct_cat&post=51444"},{"taxonomy":"product_tag","embeddable":true,"href":"https:\/\/radomiak.sklep.pl\/index.php?rest_route=%2Fwp%2Fv2%2Fproduct_tag&post=51444"}],"curies":[{"name":"wp","href":"https:\/\/api.w.org\/{rel}","templated":true}]}}