{"id":57769,"date":"2024-10-01T14:44:40","date_gmt":"2024-10-01T12:44:40","guid":{"rendered":"https:\/\/radomiak.sklep.pl\/?post_type=product&#038;p=57769"},"modified":"2026-02-27T10:49:49","modified_gmt":"2026-02-27T09:49:49","slug":"plecak-adidas-z-herbem-radomiaka-czarny","status":"publish","type":"product","link":"https:\/\/radomiak.sklep.pl\/?product=plecak-adidas-z-herbem-radomiaka-czarny","title":{"rendered":"Plecak Adidas z herbem Radomiaka &#8211; czarny"},"content":{"rendered":"","protected":false},"excerpt":{"rendered":"<ul class=\"gl-list\">\n<li class=\"gl-vspace-bpall-small\">Wymiary: 50 cm x 30 cm x 19 cm<\/li>\n<li class=\"gl-vspace-bpall-small\">Pojemno\u015b\u0107: 26,5 l<\/li>\n<li class=\"gl-vspace-bpall-small\">Tkanina o splocie p\u0142\u00f3ciennym, 100% poliester pochodz\u0105cy z recyklingu<\/li>\n<li class=\"gl-vspace-bpall-small\">Kieszenie boczne z siateczki<\/li>\n<li class=\"gl-vspace-bpall-small\">Przegroda na buty z zapi\u0119ciem na suwak<\/li>\n<\/ul>\n<ul class=\"gl-list\">\n<li class=\"gl-vspace-bpall-small\">Regulowane, wy\u015bcie\u0142ane szelki<\/li>\n<li class=\"gl-vspace-bpall-small\">Trwa\u0142y, powlekany sp\u00f3d<\/li>\n<\/ul>\n","protected":false},"featured_media":57774,"template":"","meta":[],"product_cat":[120,89,19],"product_tag":[],"class_list":{"0":"post-57769","1":"product","2":"type-product","3":"status-publish","4":"has-post-thumbnail","6":"product_cat-adidas","7":"product_cat-klubowe","8":"product_cat-gadzety","10":"first","11":"instock","12":"shipping-taxable","13":"purchasable","14":"product-type-simple"},"_links":{"self":[{"href":"https:\/\/radomiak.sklep.pl\/index.php?rest_route=\/wp\/v2\/product\/57769"}],"collection":[{"href":"https:\/\/radomiak.sklep.pl\/index.php?rest_route=\/wp\/v2\/product"}],"about":[{"href":"https:\/\/radomiak.sklep.pl\/index.php?rest_route=\/wp\/v2\/types\/product"}],"wp:featuredmedia":[{"embeddable":true,"href":"https:\/\/radomiak.sklep.pl\/index.php?rest_route=\/wp\/v2\/media\/57774"}],"wp:attachment":[{"href":"https:\/\/radomiak.sklep.pl\/index.php?rest_route=%2Fwp%2Fv2%2Fmedia&parent=57769"}],"wp:term":[{"taxonomy":"product_cat","embeddable":true,"href":"https:\/\/radomiak.sklep.pl\/index.php?rest_route=%2Fwp%2Fv2%2Fproduct_cat&post=57769"},{"taxonomy":"product_tag","embeddable":true,"href":"https:\/\/radomiak.sklep.pl\/index.php?rest_route=%2Fwp%2Fv2%2Fproduct_tag&post=57769"}],"curies":[{"name":"wp","href":"https:\/\/api.w.org\/{rel}","templated":true}]}}