{"id":58021,"date":"2024-10-18T08:58:49","date_gmt":"2024-10-18T06:58:49","guid":{"rendered":"https:\/\/radomiak.sklep.pl\/?post_type=product&#038;p=58021"},"modified":"2026-04-23T08:41:56","modified_gmt":"2026-04-23T06:41:56","slug":"bluza-rozsuwana-adidas-zielona-dziecieca","status":"publish","type":"product","link":"https:\/\/radomiak.sklep.pl\/?product=bluza-rozsuwana-adidas-zielona-dziecieca","title":{"rendered":"Bluza rozsuwana Adidas &#8211; zielona"},"content":{"rendered":"<p>&nbsp;<\/p>\n<table class=\"table rtable rtable--flip rtable--fullWidth rtable--bg rtable--hover mb-5\">\n<tbody>\n<tr>\n<th>ROZMIAR<\/th>\n<td><strong>116<\/strong><\/td>\n<td><strong>128<\/strong><\/td>\n<td><strong>140<\/strong><\/td>\n<td><strong>152<\/strong><\/td>\n<td><strong>164<\/strong><\/td>\n<td><strong>176<\/strong><\/td>\n<\/tr>\n<tr>\n<th>WIEK<\/th>\n<td>5 &#8211; 7 lat<\/td>\n<td>7 &#8211; 8 lat<\/td>\n<td>8 &#8211; 10 lat<\/td>\n<td>10 &#8211; 12 lat<\/td>\n<td>12 &#8211; 14 lat<\/td>\n<td>14 &#8211; 16 lat<\/td>\n<\/tr>\n<tr>\n<th>WYSOKO\u015a\u0106 (CM)<\/th>\n<td>111 &#8211; 122<\/td>\n<td>123 &#8211; 128<\/td>\n<td>129 &#8211; 140<\/td>\n<td>141 &#8211; 152<\/td>\n<td>153 &#8211; 164<\/td>\n<td>165 &#8211; 176<\/td>\n<\/tr>\n<\/tbody>\n<\/table>\n<p>&nbsp;<\/p>\n","protected":false},"excerpt":{"rendered":"<div class=\"detail-parameter__item col-12 col-lg-6 row m-0\">\n<ul>\n<li>bluza rozsuwana<\/li>\n<li>technologia AEROREADY \/ oddychaj\u0105ca<\/li>\n<li>Primegreen \/ wysokiej jako\u015bci materia\u0142y pochodz\u0105ce z recyklingu<\/li>\n<li>sk\u0142ad : 100% poliester<\/li>\n<\/ul>\n<\/div>\n","protected":false},"featured_media":58034,"template":"","meta":[],"product_cat":[120,89,18,20,84],"product_tag":[],"class_list":{"0":"post-58021","1":"product","2":"type-product","3":"status-publish","4":"has-post-thumbnail","6":"product_cat-adidas","7":"product_cat-klubowe","8":"product_cat-odziez","9":"product_cat-dla-dziecka","10":"product_cat-bluzy-dzieciece","12":"first","13":"instock","14":"shipping-taxable","15":"purchasable","16":"product-type-variable"},"_links":{"self":[{"href":"https:\/\/radomiak.sklep.pl\/index.php?rest_route=\/wp\/v2\/product\/58021"}],"collection":[{"href":"https:\/\/radomiak.sklep.pl\/index.php?rest_route=\/wp\/v2\/product"}],"about":[{"href":"https:\/\/radomiak.sklep.pl\/index.php?rest_route=\/wp\/v2\/types\/product"}],"wp:featuredmedia":[{"embeddable":true,"href":"https:\/\/radomiak.sklep.pl\/index.php?rest_route=\/wp\/v2\/media\/58034"}],"wp:attachment":[{"href":"https:\/\/radomiak.sklep.pl\/index.php?rest_route=%2Fwp%2Fv2%2Fmedia&parent=58021"}],"wp:term":[{"taxonomy":"product_cat","embeddable":true,"href":"https:\/\/radomiak.sklep.pl\/index.php?rest_route=%2Fwp%2Fv2%2Fproduct_cat&post=58021"},{"taxonomy":"product_tag","embeddable":true,"href":"https:\/\/radomiak.sklep.pl\/index.php?rest_route=%2Fwp%2Fv2%2Fproduct_tag&post=58021"}],"curies":[{"name":"wp","href":"https:\/\/api.w.org\/{rel}","templated":true}]}}