{"id":58342,"date":"2024-11-15T19:19:45","date_gmt":"2024-11-15T18:19:45","guid":{"rendered":"https:\/\/radomiak.sklep.pl\/?post_type=product&#038;p=58342"},"modified":"2025-12-30T09:20:26","modified_gmt":"2025-12-30T08:20:26","slug":"bluza-polarowa-z-herbem-kolor-radomiak-czarna","status":"publish","type":"product","link":"https:\/\/radomiak.sklep.pl\/?product=bluza-polarowa-z-herbem-kolor-radomiak-czarna","title":{"rendered":"Bluza polarowa z herbem kolor Radomiak &#8211; czarna"},"content":{"rendered":"","protected":false},"excerpt":{"rendered":"<ul>\n<li>Kieszenie boczne zapinane na zamek b\u0142yskawiczny<\/li>\n<li>D\u00f3\u0142 regulowany troczkiem \u015bci\u0105gaj\u0105cym<\/li>\n<li>Mi\u0119kka w dotyku tkanina<\/li>\n<li>Zamek b\u0142yskawiczny na ca\u0142ej d\u0142ugo\u015bci<\/li>\n<li>Regulacja z boku<\/li>\n<li>Szwy podw\u00f3jne<\/li>\n<li>Lam\u00f3wka na zako\u0144czeniu r\u0119kaw\u00f3w<\/li>\n<\/ul>\n<p><img loading=\"lazy\" decoding=\"async\" class=\"alignleft wp-image-915\" src=\"https:\/\/radomiak.sklep.pl\/wp-content\/uploads\/2020\/04\/rozmiarowka-bluzy.jpg\" alt=\"\" width=\"160\" height=\"204\" \/><\/p>\n<p><strong>Tabela rozmiar\u00f3w (A\/B)<br \/>\n<\/strong><em>Tolerancja +\/- 2 cm<br \/>\n<strong>XS:<\/strong> 49\/63 cm<\/em><br \/>\n<strong>S:<\/strong> 53\/66 cm<br \/>\n<strong>M:<\/strong> 57\/69 cm<br \/>\n<strong>L:<\/strong> 62\/72 cm<br \/>\n<strong>XL:<\/strong> 65\/75 cm<br \/>\n<strong>XXL:<\/strong> 68\/78 cm<\/p>\n","protected":false},"featured_media":58344,"template":"","meta":[],"product_cat":[89,137,18,32,81],"product_tag":[],"class_list":{"0":"post-58342","1":"product","2":"type-product","3":"status-publish","4":"has-post-thumbnail","6":"product_cat-klubowe","7":"product_cat-zima","8":"product_cat-odziez","9":"product_cat-dla-niego","10":"product_cat-bluzy-meskie","12":"first","13":"instock","14":"shipping-taxable","15":"purchasable","16":"product-type-variable"},"_links":{"self":[{"href":"https:\/\/radomiak.sklep.pl\/index.php?rest_route=\/wp\/v2\/product\/58342"}],"collection":[{"href":"https:\/\/radomiak.sklep.pl\/index.php?rest_route=\/wp\/v2\/product"}],"about":[{"href":"https:\/\/radomiak.sklep.pl\/index.php?rest_route=\/wp\/v2\/types\/product"}],"wp:featuredmedia":[{"embeddable":true,"href":"https:\/\/radomiak.sklep.pl\/index.php?rest_route=\/wp\/v2\/media\/58344"}],"wp:attachment":[{"href":"https:\/\/radomiak.sklep.pl\/index.php?rest_route=%2Fwp%2Fv2%2Fmedia&parent=58342"}],"wp:term":[{"taxonomy":"product_cat","embeddable":true,"href":"https:\/\/radomiak.sklep.pl\/index.php?rest_route=%2Fwp%2Fv2%2Fproduct_cat&post=58342"},{"taxonomy":"product_tag","embeddable":true,"href":"https:\/\/radomiak.sklep.pl\/index.php?rest_route=%2Fwp%2Fv2%2Fproduct_tag&post=58342"}],"curies":[{"name":"wp","href":"https:\/\/api.w.org\/{rel}","templated":true}]}}