{"id":58956,"date":"2024-12-12T14:07:48","date_gmt":"2024-12-12T13:07:48","guid":{"rendered":"https:\/\/radomiak.sklep.pl\/?post_type=product&#038;p=58956"},"modified":"2026-03-06T11:46:52","modified_gmt":"2026-03-06T10:46:52","slug":"bluza-z-lampasem-radomiak-zielona-meska","status":"publish","type":"product","link":"https:\/\/radomiak.sklep.pl\/?product=bluza-z-lampasem-radomiak-zielona-meska","title":{"rendered":"Bluza z lampasem Radomiak &#8211; zielona m\u0119ska"},"content":{"rendered":"","protected":false},"excerpt":{"rendered":"<ul>\n<li>Polski Producent<\/li>\n<li>Rozsuwana<\/li>\n<li>Boczne kieszenie<\/li>\n<li>98% poliester, 2% elastan<\/li>\n<li>gramatura 210g<\/li>\n<\/ul>\n<p><img loading=\"lazy\" decoding=\"async\" class=\"alignleft wp-image-915\" src=\"https:\/\/radomiak.sklep.pl\/wp-content\/uploads\/2020\/04\/rozmiarowka-bluzy.jpg\" alt=\"\" width=\"160\" height=\"204\" \/><\/p>\n<p><strong>Tabela rozmiar\u00f3w (A\/B\/D\/C)<br \/>\n<\/strong><em>Tolerancja +\/- 2 cm<\/em><br \/>\n<strong>XS:<\/strong> 51\/68\/56\/66 cm<br \/>\n<strong>S:<\/strong> 54\/72\/57\/67 cm<br \/>\n<strong>M:<\/strong> 56\/73\/58\/69 cm<br \/>\n<strong>L:<\/strong> 59\/77\/61\/72 cm<br \/>\n<strong>XL:<\/strong> 61\/79\/63\/73 cm<br \/>\n<strong>XXL: <\/strong>63\/81\/64\/74 cm<br \/>\n<strong>XXXL:\u00a0<\/strong>65\/83\/66\/76 cm<\/p>\n<p><strong>UWAGA! Rozmiar\u00f3wka wi\u0119ksza ni\u017c czarna bluza.<\/strong><\/p>\n","protected":false},"featured_media":58961,"template":"","meta":[],"product_cat":[89,18,32,81],"product_tag":[],"class_list":{"0":"post-58956","1":"product","2":"type-product","3":"status-publish","4":"has-post-thumbnail","6":"product_cat-klubowe","7":"product_cat-odziez","8":"product_cat-dla-niego","9":"product_cat-bluzy-meskie","11":"first","12":"instock","13":"shipping-taxable","14":"purchasable","15":"product-type-variable"},"_links":{"self":[{"href":"https:\/\/radomiak.sklep.pl\/index.php?rest_route=\/wp\/v2\/product\/58956"}],"collection":[{"href":"https:\/\/radomiak.sklep.pl\/index.php?rest_route=\/wp\/v2\/product"}],"about":[{"href":"https:\/\/radomiak.sklep.pl\/index.php?rest_route=\/wp\/v2\/types\/product"}],"wp:featuredmedia":[{"embeddable":true,"href":"https:\/\/radomiak.sklep.pl\/index.php?rest_route=\/wp\/v2\/media\/58961"}],"wp:attachment":[{"href":"https:\/\/radomiak.sklep.pl\/index.php?rest_route=%2Fwp%2Fv2%2Fmedia&parent=58956"}],"wp:term":[{"taxonomy":"product_cat","embeddable":true,"href":"https:\/\/radomiak.sklep.pl\/index.php?rest_route=%2Fwp%2Fv2%2Fproduct_cat&post=58956"},{"taxonomy":"product_tag","embeddable":true,"href":"https:\/\/radomiak.sklep.pl\/index.php?rest_route=%2Fwp%2Fv2%2Fproduct_tag&post=58956"}],"curies":[{"name":"wp","href":"https:\/\/api.w.org\/{rel}","templated":true}]}}