{"id":60546,"date":"2025-04-16T15:38:20","date_gmt":"2025-04-16T13:38:20","guid":{"rendered":"https:\/\/radomiak.sklep.pl\/?post_type=product&#038;p=60546"},"modified":"2025-11-06T13:37:52","modified_gmt":"2025-11-06T12:37:52","slug":"perfumy-radomiak-green-power-50-ml","status":"publish","type":"product","link":"https:\/\/radomiak.sklep.pl\/?product=perfumy-radomiak-green-power-50-ml","title":{"rendered":"Perfumy Radomiak Green Power &#8211; 50 ml"},"content":{"rendered":"<p><strong>Cena za 100 ml:<\/strong>\u00a0158,00 z\u0142<\/p>\n<p><strong>Ostrze\u017cenia:<\/strong><\/p>\n<ul>\n<li>\u0141atwopalna ciecz \u2013 przechowywa\u0107 z dala od ognia i \u017ar\u00f3de\u0142 ciep\u0142a.<\/li>\n<li>Nie stosowa\u0107 na uszkodzon\u0105 lub podra\u017cnion\u0105 sk\u00f3r\u0119.<\/li>\n<li>Unika\u0107 kontaktu z oczami i b\u0142onami \u015bluzowymi.<\/li>\n<li>Przechowywa\u0107 w miejscu niedost\u0119pnym dla dzieci.<\/li>\n<\/ul>\n<p><strong>Producent:<\/strong><br \/>\nGlob Sp. z o.o., ul. Lotnicza 3, 20-322 Lublin, Polska<\/p>\n","protected":false},"excerpt":{"rendered":"<p>Zapach, kt\u00f3ry ma w sobie co\u015b z rywalizacji i triumfu \u2013 pachnie jak sukces, adrenalina i \u015bwie\u017co\u015b\u0107 zaraz po intensywnym wysi\u0142ku. Zbli\u017cony do Paco Rabanne Invictus.<\/p>\n<p><strong>Rodzina zapachowa<\/strong>: drzewno-wodna<\/p>\n<p><strong>Nuty zapachowe<\/strong><\/p>\n<ul>\n<li><strong>Nuty g\u0142owy<\/strong>: grejpfrut, mandarynka, morskie akordy<\/li>\n<li><strong>Nuty serca<\/strong>: ja\u015bmin, li\u015b\u0107 laurowy,<\/li>\n<li><strong>Baza<\/strong>:\u00a0 mech d\u0119bowy, ambra, drewno gwajakowe, paczula<\/li>\n<\/ul>\n<p class=\"v1western\" align=\"left\">Sk\u0142adniki\/Ingredients: Alkohol Denat., Aqua, Parfum, Benzyl Salicylate, Alpha Isomethyl Ionone, Benzyl Alcohol, Citral, Citronellol, Coumarin, Geraniol, Limonene, Linanool, Benzyl Benzoate.<\/p>\n","protected":false},"featured_media":60541,"template":"","meta":[],"product_cat":[89,127,19,32,86],"product_tag":[],"class_list":{"0":"post-60546","1":"product","2":"type-product","3":"status-publish","4":"has-post-thumbnail","6":"product_cat-klubowe","7":"product_cat-nowosc","8":"product_cat-gadzety","9":"product_cat-dla-niego","10":"product_cat-inne-meskie","12":"first","13":"instock","14":"shipping-taxable","15":"purchasable","16":"product-type-simple"},"_links":{"self":[{"href":"https:\/\/radomiak.sklep.pl\/index.php?rest_route=\/wp\/v2\/product\/60546"}],"collection":[{"href":"https:\/\/radomiak.sklep.pl\/index.php?rest_route=\/wp\/v2\/product"}],"about":[{"href":"https:\/\/radomiak.sklep.pl\/index.php?rest_route=\/wp\/v2\/types\/product"}],"wp:featuredmedia":[{"embeddable":true,"href":"https:\/\/radomiak.sklep.pl\/index.php?rest_route=\/wp\/v2\/media\/60541"}],"wp:attachment":[{"href":"https:\/\/radomiak.sklep.pl\/index.php?rest_route=%2Fwp%2Fv2%2Fmedia&parent=60546"}],"wp:term":[{"taxonomy":"product_cat","embeddable":true,"href":"https:\/\/radomiak.sklep.pl\/index.php?rest_route=%2Fwp%2Fv2%2Fproduct_cat&post=60546"},{"taxonomy":"product_tag","embeddable":true,"href":"https:\/\/radomiak.sklep.pl\/index.php?rest_route=%2Fwp%2Fv2%2Fproduct_tag&post=60546"}],"curies":[{"name":"wp","href":"https:\/\/api.w.org\/{rel}","templated":true}]}}