{"id":63387,"date":"2025-09-24T09:19:15","date_gmt":"2025-09-24T07:19:15","guid":{"rendered":"https:\/\/radomiak.sklep.pl\/?post_type=product&#038;p=63387"},"modified":"2026-04-24T09:10:17","modified_gmt":"2026-04-24T07:10:17","slug":"bluza-z-kapturem-adidas-szara","status":"publish","type":"product","link":"https:\/\/radomiak.sklep.pl\/?product=bluza-z-kapturem-adidas-szara","title":{"rendered":"Bluza z kapturem Adidas &#8211; szara"},"content":{"rendered":"","protected":false},"excerpt":{"rendered":"<div class=\"detail-parameter__item col-12 col-lg-6 row m-0\">\n<ul>\n<li>bluza rozsuwana z kapturem<\/li>\n<li>technologia AEROREADY \/ oddychaj\u0105ca<\/li>\n<li>Primegreen \/ wysokiej jako\u015bci materia\u0142y pochodz\u0105ce z recyklingu<\/li>\n<li>sk\u0142ad : 100% poliester<\/li>\n<\/ul>\n<\/div>\n","protected":false},"featured_media":63398,"template":"","meta":[],"product_cat":[120,89,18],"product_tag":[],"class_list":{"0":"post-63387","1":"product","2":"type-product","3":"status-publish","4":"has-post-thumbnail","6":"product_cat-adidas","7":"product_cat-klubowe","8":"product_cat-odziez","10":"first","11":"instock","12":"shipping-taxable","13":"purchasable","14":"product-type-variable"},"_links":{"self":[{"href":"https:\/\/radomiak.sklep.pl\/index.php?rest_route=\/wp\/v2\/product\/63387"}],"collection":[{"href":"https:\/\/radomiak.sklep.pl\/index.php?rest_route=\/wp\/v2\/product"}],"about":[{"href":"https:\/\/radomiak.sklep.pl\/index.php?rest_route=\/wp\/v2\/types\/product"}],"wp:featuredmedia":[{"embeddable":true,"href":"https:\/\/radomiak.sklep.pl\/index.php?rest_route=\/wp\/v2\/media\/63398"}],"wp:attachment":[{"href":"https:\/\/radomiak.sklep.pl\/index.php?rest_route=%2Fwp%2Fv2%2Fmedia&parent=63387"}],"wp:term":[{"taxonomy":"product_cat","embeddable":true,"href":"https:\/\/radomiak.sklep.pl\/index.php?rest_route=%2Fwp%2Fv2%2Fproduct_cat&post=63387"},{"taxonomy":"product_tag","embeddable":true,"href":"https:\/\/radomiak.sklep.pl\/index.php?rest_route=%2Fwp%2Fv2%2Fproduct_tag&post=63387"}],"curies":[{"name":"wp","href":"https:\/\/api.w.org\/{rel}","templated":true}]}}