{"id":63403,"date":"2025-09-24T09:26:54","date_gmt":"2025-09-24T07:26:54","guid":{"rendered":"https:\/\/radomiak.sklep.pl\/?post_type=product&#038;p=63403"},"modified":"2026-03-16T09:49:30","modified_gmt":"2026-03-16T08:49:30","slug":"koszulka-polo-adidas-ciemna-zielen","status":"publish","type":"product","link":"https:\/\/radomiak.sklep.pl\/?product=koszulka-polo-adidas-ciemna-zielen","title":{"rendered":"Koszulka polo Adidas &#8211; ciemna ziele\u0144"},"content":{"rendered":"","protected":false},"excerpt":{"rendered":"<div class=\"detail-parameter__item col-12 col-lg-6 row m-0\">\n<ul>\n<li>koszulka polo<\/li>\n<li>ko\u0142nierzyk z zapi\u0119ciem na guziki<\/li>\n<li>technologia AEROREADY \/ poch\u0142ania wilgo\u0107<\/li>\n<li>Primegreen \/ wysokiej jako\u015bci materia\u0142y pochodz\u0105ce z recyklingu<\/li>\n<li>sk\u0142ad : 65% poliester, 35% bawe\u0142na<\/li>\n<\/ul>\n<\/div>\n","protected":false},"featured_media":63401,"template":"","meta":[],"product_cat":[120,89,18,32,78],"product_tag":[],"class_list":{"0":"post-63403","1":"product","2":"type-product","3":"status-publish","4":"has-post-thumbnail","6":"product_cat-adidas","7":"product_cat-klubowe","8":"product_cat-odziez","9":"product_cat-dla-niego","10":"product_cat-koszulki-meskie","12":"first","13":"instock","14":"shipping-taxable","15":"purchasable","16":"product-type-variable"},"_links":{"self":[{"href":"https:\/\/radomiak.sklep.pl\/index.php?rest_route=\/wp\/v2\/product\/63403"}],"collection":[{"href":"https:\/\/radomiak.sklep.pl\/index.php?rest_route=\/wp\/v2\/product"}],"about":[{"href":"https:\/\/radomiak.sklep.pl\/index.php?rest_route=\/wp\/v2\/types\/product"}],"wp:featuredmedia":[{"embeddable":true,"href":"https:\/\/radomiak.sklep.pl\/index.php?rest_route=\/wp\/v2\/media\/63401"}],"wp:attachment":[{"href":"https:\/\/radomiak.sklep.pl\/index.php?rest_route=%2Fwp%2Fv2%2Fmedia&parent=63403"}],"wp:term":[{"taxonomy":"product_cat","embeddable":true,"href":"https:\/\/radomiak.sklep.pl\/index.php?rest_route=%2Fwp%2Fv2%2Fproduct_cat&post=63403"},{"taxonomy":"product_tag","embeddable":true,"href":"https:\/\/radomiak.sklep.pl\/index.php?rest_route=%2Fwp%2Fv2%2Fproduct_tag&post=63403"}],"curies":[{"name":"wp","href":"https:\/\/api.w.org\/{rel}","templated":true}]}}