{"id":63745,"date":"2025-10-20T09:37:22","date_gmt":"2025-10-20T07:37:22","guid":{"rendered":"https:\/\/radomiak.sklep.pl\/?post_type=product&#038;p=63745"},"modified":"2025-12-29T08:51:58","modified_gmt":"2025-12-29T07:51:58","slug":"czapka-bawelniana-warcholy-czarna","status":"publish","type":"product","link":"https:\/\/radomiak.sklep.pl\/?product=czapka-bawelniana-warcholy-czarna","title":{"rendered":"Czapka bawe\u0142niana Warcho\u0142y &#8211; czarna"},"content":{"rendered":"","protected":false},"excerpt":{"rendered":"<p>Przylegaj\u0105ca do g\u0142owa bawe\u0142niana czapka rozci\u0105gliwa.<\/p>\n","protected":false},"featured_media":63743,"template":"","meta":[],"product_cat":[89,137,18,83],"product_tag":[],"class_list":{"0":"post-63745","1":"product","2":"type-product","3":"status-publish","4":"has-post-thumbnail","6":"product_cat-klubowe","7":"product_cat-zima","8":"product_cat-odziez","9":"product_cat-czapki","11":"first","12":"instock","13":"shipping-taxable","14":"purchasable","15":"product-type-variable"},"_links":{"self":[{"href":"https:\/\/radomiak.sklep.pl\/index.php?rest_route=\/wp\/v2\/product\/63745"}],"collection":[{"href":"https:\/\/radomiak.sklep.pl\/index.php?rest_route=\/wp\/v2\/product"}],"about":[{"href":"https:\/\/radomiak.sklep.pl\/index.php?rest_route=\/wp\/v2\/types\/product"}],"wp:featuredmedia":[{"embeddable":true,"href":"https:\/\/radomiak.sklep.pl\/index.php?rest_route=\/wp\/v2\/media\/63743"}],"wp:attachment":[{"href":"https:\/\/radomiak.sklep.pl\/index.php?rest_route=%2Fwp%2Fv2%2Fmedia&parent=63745"}],"wp:term":[{"taxonomy":"product_cat","embeddable":true,"href":"https:\/\/radomiak.sklep.pl\/index.php?rest_route=%2Fwp%2Fv2%2Fproduct_cat&post=63745"},{"taxonomy":"product_tag","embeddable":true,"href":"https:\/\/radomiak.sklep.pl\/index.php?rest_route=%2Fwp%2Fv2%2Fproduct_tag&post=63745"}],"curies":[{"name":"wp","href":"https:\/\/api.w.org\/{rel}","templated":true}]}}