{"id":63772,"date":"2025-10-22T14:45:52","date_gmt":"2025-10-22T12:45:52","guid":{"rendered":"https:\/\/radomiak.sklep.pl\/?post_type=product&#038;p=63772"},"modified":"2026-03-16T09:42:58","modified_gmt":"2026-03-16T08:42:58","slug":"czapka-bawelniana-herb-radomiaka-zielona","status":"publish","type":"product","link":"https:\/\/radomiak.sklep.pl\/?product=czapka-bawelniana-herb-radomiaka-zielona","title":{"rendered":"Czapka bawe\u0142niana herb Radomiaka &#8211; zielona"},"content":{"rendered":"","protected":false},"excerpt":{"rendered":"<p>Przylegaj\u0105ca do g\u0142owa bawe\u0142niana czapka rozci\u0105gliwa.<\/p>\n","protected":false},"featured_media":63775,"template":"","meta":[],"product_cat":[89,127,137,18,83],"product_tag":[],"class_list":{"0":"post-63772","1":"product","2":"type-product","3":"status-publish","4":"has-post-thumbnail","6":"product_cat-klubowe","7":"product_cat-nowosc","8":"product_cat-zima","9":"product_cat-odziez","10":"product_cat-czapki","12":"first","13":"outofstock","14":"shipping-taxable","15":"purchasable","16":"product-type-variable"},"_links":{"self":[{"href":"https:\/\/radomiak.sklep.pl\/index.php?rest_route=\/wp\/v2\/product\/63772"}],"collection":[{"href":"https:\/\/radomiak.sklep.pl\/index.php?rest_route=\/wp\/v2\/product"}],"about":[{"href":"https:\/\/radomiak.sklep.pl\/index.php?rest_route=\/wp\/v2\/types\/product"}],"wp:featuredmedia":[{"embeddable":true,"href":"https:\/\/radomiak.sklep.pl\/index.php?rest_route=\/wp\/v2\/media\/63775"}],"wp:attachment":[{"href":"https:\/\/radomiak.sklep.pl\/index.php?rest_route=%2Fwp%2Fv2%2Fmedia&parent=63772"}],"wp:term":[{"taxonomy":"product_cat","embeddable":true,"href":"https:\/\/radomiak.sklep.pl\/index.php?rest_route=%2Fwp%2Fv2%2Fproduct_cat&post=63772"},{"taxonomy":"product_tag","embeddable":true,"href":"https:\/\/radomiak.sklep.pl\/index.php?rest_route=%2Fwp%2Fv2%2Fproduct_tag&post=63772"}],"curies":[{"name":"wp","href":"https:\/\/api.w.org\/{rel}","templated":true}]}}