{"id":64400,"date":"2026-01-13T20:42:10","date_gmt":"2026-01-13T19:42:10","guid":{"rendered":"https:\/\/radomiak.sklep.pl\/?post_type=product&#038;p=64400"},"modified":"2026-01-14T10:26:16","modified_gmt":"2026-01-14T09:26:16","slug":"kalendarz-ksiazkowy-2026-a5","status":"publish","type":"product","link":"https:\/\/radomiak.sklep.pl\/?product=kalendarz-ksiazkowy-2026-a5","title":{"rendered":"Kalendarz ksi\u0105\u017ckowy 2026 a5"},"content":{"rendered":"","protected":false},"excerpt":{"rendered":"<ul>\n<li>T\u0142oczony herb Radomiaka<\/li>\n<li><b>Uk\u0142ad:<\/b> 1 dzie\u0144 na 1 stronie<\/li>\n<li><b>Papier:<\/b>\u00a0bia\u0142y<\/li>\n<li><b>Wyko\u0144czenie:<\/b>\u00a0kalendarz w oprawie sk\u00f3ropodobnej, markowane registry, perforowane naro\u017cniki, wst\u0105\u017cka<\/li>\n<li><strong>Format:<\/strong> 145 x 204 mm<\/li>\n<\/ul>\n","protected":false},"featured_media":65692,"template":"","meta":[],"product_cat":[89,127,19],"product_tag":[],"class_list":{"0":"post-64400","1":"product","2":"type-product","3":"status-publish","4":"has-post-thumbnail","6":"product_cat-klubowe","7":"product_cat-nowosc","8":"product_cat-gadzety","10":"first","11":"instock","12":"shipping-taxable","13":"purchasable","14":"product-type-simple"},"_links":{"self":[{"href":"https:\/\/radomiak.sklep.pl\/index.php?rest_route=\/wp\/v2\/product\/64400"}],"collection":[{"href":"https:\/\/radomiak.sklep.pl\/index.php?rest_route=\/wp\/v2\/product"}],"about":[{"href":"https:\/\/radomiak.sklep.pl\/index.php?rest_route=\/wp\/v2\/types\/product"}],"wp:featuredmedia":[{"embeddable":true,"href":"https:\/\/radomiak.sklep.pl\/index.php?rest_route=\/wp\/v2\/media\/65692"}],"wp:attachment":[{"href":"https:\/\/radomiak.sklep.pl\/index.php?rest_route=%2Fwp%2Fv2%2Fmedia&parent=64400"}],"wp:term":[{"taxonomy":"product_cat","embeddable":true,"href":"https:\/\/radomiak.sklep.pl\/index.php?rest_route=%2Fwp%2Fv2%2Fproduct_cat&post=64400"},{"taxonomy":"product_tag","embeddable":true,"href":"https:\/\/radomiak.sklep.pl\/index.php?rest_route=%2Fwp%2Fv2%2Fproduct_tag&post=64400"}],"curies":[{"name":"wp","href":"https:\/\/api.w.org\/{rel}","templated":true}]}}