{"id":65537,"date":"2026-03-23T13:06:50","date_gmt":"2026-03-23T12:06:50","guid":{"rendered":"https:\/\/radomiak.sklep.pl\/?post_type=product&#038;p=65537"},"modified":"2026-04-24T11:42:02","modified_gmt":"2026-04-24T09:42:02","slug":"kurtka-softshell-radomiak-czarna-meska","status":"publish","type":"product","link":"https:\/\/radomiak.sklep.pl\/?product=kurtka-softshell-radomiak-czarna-meska","title":{"rendered":"Kurtka softshell Radomiak &#8211; czarna m\u0119ska"},"content":{"rendered":"","protected":false},"excerpt":{"rendered":"<ul>\n<li>softshell: 94% poliester, 6% elastan TPU membrana<\/li>\n<li>wewn\u0119trzny polar<\/li>\n<li>3-warstwowy softshell z membran\u0105<\/li>\n<li>zamek b\u0142yskawiczny z odwr\u00f3conym suwakiem na ca\u0142ej d\u0142ugo\u015bci z ochron\u0105 podbr\u00f3dka<\/li>\n<li>odpinany kaptur<\/li>\n<li>regulowane r\u0119kawy na rzepy<\/li>\n<li>dolny brzeg regulowany za pomoc\u0105 elastycznego \u015bci\u0105gacza<\/li>\n<li>kieszenie z odwr\u00f3conym spiralnym zamkiem b\u0142yskawicznym<\/li>\n<li>kiesze\u0144 na piersi<\/li>\n<li>wewn\u0119trzna kiesze\u0144 zapinana na zamek<\/li>\n<li>lekko przed\u0142u\u017cona w tylnej cz\u0119\u015bci<\/li>\n<li>mo\u017cliwo\u015b\u0107 regulacji dolnej lam\u00f3wki r\u0119kaw\u00f3w za pomoc\u0105 rzepu<\/li>\n<\/ul>\n<p><img loading=\"lazy\" decoding=\"async\" class=\"wp-image-65540 alignleft\" src=\"https:\/\/radomiak.sklep.pl\/wp-content\/uploads\/2025\/12\/rozmiarowka-softshell.jpg\" alt=\"\" width=\"198\" height=\"160\" srcset=\"https:\/\/radomiak.sklep.pl\/wp-content\/uploads\/2025\/12\/rozmiarowka-softshell.jpg 617w, https:\/\/radomiak.sklep.pl\/wp-content\/uploads\/2025\/12\/rozmiarowka-softshell-360x290.jpg 360w, https:\/\/radomiak.sklep.pl\/wp-content\/uploads\/2025\/12\/rozmiarowka-softshell-600x489.jpg 600w, https:\/\/radomiak.sklep.pl\/wp-content\/uploads\/2025\/12\/rozmiarowka-softshell-64x52.jpg 64w\" sizes=\"(max-width: 198px) 100vw, 198px\" \/><\/p>\n<p><strong>Tabela rozmiar\u00f3w (A\/C\/H)<br \/>\n<\/strong><em>Tolerancja +\/- 2 cm<\/em><br \/>\n<strong>S:<\/strong> 69\/50\/63 cm<br \/>\n<strong>M:<\/strong> 71\/54\/65 cm<br \/>\n<strong>L:<\/strong> 74\/59\/67 cm<br \/>\n<strong>XL:<\/strong> 77\/63\/69 cm<br \/>\n<strong>XXL:<\/strong> 80\/67\/71 cm<br \/>\n<strong>XXXL: <\/strong>81\/73\/71 cm<\/p>\n","protected":false},"featured_media":65539,"template":"","meta":[],"product_cat":[89,18,32,81,86],"product_tag":[],"class_list":{"0":"post-65537","1":"product","2":"type-product","3":"status-publish","4":"has-post-thumbnail","6":"product_cat-klubowe","7":"product_cat-odziez","8":"product_cat-dla-niego","9":"product_cat-bluzy-meskie","10":"product_cat-inne-meskie","12":"first","13":"instock","14":"shipping-taxable","15":"purchasable","16":"product-type-variable"},"_links":{"self":[{"href":"https:\/\/radomiak.sklep.pl\/index.php?rest_route=\/wp\/v2\/product\/65537"}],"collection":[{"href":"https:\/\/radomiak.sklep.pl\/index.php?rest_route=\/wp\/v2\/product"}],"about":[{"href":"https:\/\/radomiak.sklep.pl\/index.php?rest_route=\/wp\/v2\/types\/product"}],"wp:featuredmedia":[{"embeddable":true,"href":"https:\/\/radomiak.sklep.pl\/index.php?rest_route=\/wp\/v2\/media\/65539"}],"wp:attachment":[{"href":"https:\/\/radomiak.sklep.pl\/index.php?rest_route=%2Fwp%2Fv2%2Fmedia&parent=65537"}],"wp:term":[{"taxonomy":"product_cat","embeddable":true,"href":"https:\/\/radomiak.sklep.pl\/index.php?rest_route=%2Fwp%2Fv2%2Fproduct_cat&post=65537"},{"taxonomy":"product_tag","embeddable":true,"href":"https:\/\/radomiak.sklep.pl\/index.php?rest_route=%2Fwp%2Fv2%2Fproduct_tag&post=65537"}],"curies":[{"name":"wp","href":"https:\/\/api.w.org\/{rel}","templated":true}]}}