{"id":66069,"date":"2026-05-06T10:10:07","date_gmt":"2026-05-06T08:10:07","guid":{"rendered":"https:\/\/radomiak.sklep.pl\/?post_type=product&#038;p=66069"},"modified":"2026-05-13T14:48:35","modified_gmt":"2026-05-13T12:48:35","slug":"koszulka-meczowa-adidas-czerwiec-76-czarna","status":"publish","type":"product","link":"https:\/\/radomiak.sklep.pl\/?product=koszulka-meczowa-adidas-czerwiec-76-czarna","title":{"rendered":"Koszulka meczowa Adidas Czerwiec 76 &#8211; czarna"},"content":{"rendered":"<div class=\"x14z9mp xat24cr x1lziwak x1vvkbs xtlvy1s x126k92a\">\n<div dir=\"auto\">Kolory koszulki maj\u0105 g\u0142\u0119bokie znaczenie. Czarny symbolizuje pami\u0119\u0107 i ho\u0142d dla czterech os\u00f3b, kt\u00f3re zgin\u0119\u0142y podczas protest\u00f3w, czerwony przypomina o rozlewie krwi, kt\u00f3ry mia\u0142 miejsce na ulicach Radomia w czerwcu 1976 roku, a bia\u0142y w po\u0142\u0105czeniu z czerwonym odwo\u0142uje si\u0119 do barw narodowych i podkre\u015bla rang\u0119 pa\u0144stwow\u0105 tego wydarzenia. Ka\u017cdy detal tych koszulek zosta\u0142 zaprojektowany tak, aby odda\u0107 szacunek i pami\u0119\u0107 o Radomskim Czerwcu &#8217;76.<\/div>\n<\/div>\n<div class=\"x14z9mp xat24cr x1lziwak x1vvkbs xtlvy1s x126k92a\">\n<div dir=\"auto\">To nie tylko str\u00f3j pi\u0142karski, ale r\u00f3wnie\u017c symbol naszej historii, pami\u0119ci i inspiracji, kt\u00f3ry pozwala odda\u0107 cze\u015b\u0107 bohaterom tamtych dni i przypomina o znaczeniu tych wydarze\u0144 dla ca\u0142ego miasta oraz kraju.<\/div>\n<\/div>\n","protected":false},"excerpt":{"rendered":"<ul>\n<li>Oryginalna koszulka meczowa Adidas<\/li>\n<li>Sezon 2025\/2026 Ekstraklasa<\/li>\n<li>Model wyprodukowany wy\u0142\u0105cznie dla Radomiaka<\/li>\n<li>Koszulka wydana z okazji 50 rocznicy Czerwca 76<\/li>\n<li>100% poliester<\/li>\n<\/ul>\n<p><img loading=\"lazy\" decoding=\"async\" class=\"alignleft wp-image-735\" src=\"https:\/\/radomiak.sklep.pl\/wp-content\/uploads\/2020\/03\/rozmiarowka.png\" alt=\"\" width=\"160\" height=\"204\" \/><\/p>\n<p><strong>Tabela rozmiar\u00f3w (A\/B)<br \/>\n<\/strong><em>Tolerancja +\/- 2 cm<br \/>\n<\/em><strong>XS: <\/strong>48\/69 cm<strong><br \/>\nS:<\/strong> 50\/72 cm<br \/>\n<strong>M:<\/strong> 53\/76 cm<br \/>\n<strong>L:<\/strong> 57\/78 cm<br \/>\n<strong>XL:<\/strong> 62\/80 cm<br \/>\n<strong>XXL:<\/strong> 68\/83 cm<br \/>\n<strong>XXXL:<\/strong> 72\/86 cm<\/p>\n","protected":false},"featured_media":66084,"template":"","meta":[],"product_cat":[120,89,127,18,32,78,20,80],"product_tag":[],"class_list":{"0":"post-66069","1":"product","2":"type-product","3":"status-publish","4":"has-post-thumbnail","6":"product_cat-adidas","7":"product_cat-klubowe","8":"product_cat-nowosc","9":"product_cat-odziez","10":"product_cat-dla-niego","11":"product_cat-koszulki-meskie","12":"product_cat-dla-dziecka","13":"product_cat-koszulki-dzieciece","15":"first","16":"instock","17":"shipping-taxable","18":"purchasable","19":"product-type-variable"},"_links":{"self":[{"href":"https:\/\/radomiak.sklep.pl\/index.php?rest_route=\/wp\/v2\/product\/66069"}],"collection":[{"href":"https:\/\/radomiak.sklep.pl\/index.php?rest_route=\/wp\/v2\/product"}],"about":[{"href":"https:\/\/radomiak.sklep.pl\/index.php?rest_route=\/wp\/v2\/types\/product"}],"wp:featuredmedia":[{"embeddable":true,"href":"https:\/\/radomiak.sklep.pl\/index.php?rest_route=\/wp\/v2\/media\/66084"}],"wp:attachment":[{"href":"https:\/\/radomiak.sklep.pl\/index.php?rest_route=%2Fwp%2Fv2%2Fmedia&parent=66069"}],"wp:term":[{"taxonomy":"product_cat","embeddable":true,"href":"https:\/\/radomiak.sklep.pl\/index.php?rest_route=%2Fwp%2Fv2%2Fproduct_cat&post=66069"},{"taxonomy":"product_tag","embeddable":true,"href":"https:\/\/radomiak.sklep.pl\/index.php?rest_route=%2Fwp%2Fv2%2Fproduct_tag&post=66069"}],"curies":[{"name":"wp","href":"https:\/\/api.w.org\/{rel}","templated":true}]}}