{"id":66642,"date":"2026-02-19T12:47:30","date_gmt":"2026-02-19T11:47:30","guid":{"rendered":"https:\/\/radomiak.sklep.pl\/?post_type=product&#038;p=66642"},"modified":"2026-03-29T17:34:16","modified_gmt":"2026-03-29T15:34:16","slug":"body-dzieciece-maly-kibic-radomiaka-biale-2","status":"publish","type":"product","link":"https:\/\/radomiak.sklep.pl\/?product=body-dzieciece-maly-kibic-radomiaka-biale-2","title":{"rendered":"Body dzieci\u0119ce Ma\u0142y Kibic Radomiaka &#8211; bia\u0142e"},"content":{"rendered":"","protected":false},"excerpt":{"rendered":"<ul>\n<li>D\u0142ugi r\u0119kaw<\/li>\n<li>Zapinki na g\u00f3rze i dole<\/li>\n<li>100% bawe\u0142na<\/li>\n<\/ul>\n","protected":false},"featured_media":66644,"template":"","meta":[],"product_cat":[89,18,20,85],"product_tag":[],"class_list":{"0":"post-66642","1":"product","2":"type-product","3":"status-publish","4":"has-post-thumbnail","6":"product_cat-klubowe","7":"product_cat-odziez","8":"product_cat-dla-dziecka","9":"product_cat-niemowlece","11":"first","12":"instock","13":"shipping-taxable","14":"purchasable","15":"product-type-variable"},"_links":{"self":[{"href":"https:\/\/radomiak.sklep.pl\/index.php?rest_route=\/wp\/v2\/product\/66642"}],"collection":[{"href":"https:\/\/radomiak.sklep.pl\/index.php?rest_route=\/wp\/v2\/product"}],"about":[{"href":"https:\/\/radomiak.sklep.pl\/index.php?rest_route=\/wp\/v2\/types\/product"}],"wp:featuredmedia":[{"embeddable":true,"href":"https:\/\/radomiak.sklep.pl\/index.php?rest_route=\/wp\/v2\/media\/66644"}],"wp:attachment":[{"href":"https:\/\/radomiak.sklep.pl\/index.php?rest_route=%2Fwp%2Fv2%2Fmedia&parent=66642"}],"wp:term":[{"taxonomy":"product_cat","embeddable":true,"href":"https:\/\/radomiak.sklep.pl\/index.php?rest_route=%2Fwp%2Fv2%2Fproduct_cat&post=66642"},{"taxonomy":"product_tag","embeddable":true,"href":"https:\/\/radomiak.sklep.pl\/index.php?rest_route=%2Fwp%2Fv2%2Fproduct_tag&post=66642"}],"curies":[{"name":"wp","href":"https:\/\/api.w.org\/{rel}","templated":true}]}}