{"id":67127,"date":"2026-03-24T12:01:07","date_gmt":"2026-03-24T11:01:07","guid":{"rendered":"https:\/\/radomiak.sklep.pl\/?post_type=product&#038;p=67127"},"modified":"2026-05-04T08:43:23","modified_gmt":"2026-05-04T06:43:23","slug":"koszulka-walczyc-trenowac-radomiak-charakterni","status":"publish","type":"product","link":"https:\/\/radomiak.sklep.pl\/?product=koszulka-walczyc-trenowac-radomiak-charakterni","title":{"rendered":"Koszulka Walczy\u0107 Trenowa\u0107 Radomiak"},"content":{"rendered":"","protected":false},"excerpt":{"rendered":"<p data-start=\"0\" data-end=\"290\">Koszulka sportowa typu mesh stworzona dla prawdziwych fan\u00f3w i ludzi aktywnych. Lekki, oddychaj\u0105cy materia\u0142 zapewnia maksymalny komfort podczas treningu, meczu czy codziennego u\u017cytkowania. Dynamiczny, zielono-bia\u0142y design z motywem si\u0142y i determinacji podkre\u015bla charakter i sportowego ducha.<\/p>\n<p data-start=\"511\" data-end=\"530\"><strong data-start=\"511\" data-end=\"530\">Cechy produktu:<\/strong><\/p>\n<ul data-start=\"531\" data-end=\"704\">\n<li data-section-id=\"1b6b4hj\" data-start=\"531\" data-end=\"560\">oddychaj\u0105cy materia\u0142 mesh<\/li>\n<li data-section-id=\"9tu1uo\" data-start=\"561\" data-end=\"594\">szybkie odprowadzanie wilgoci<\/li>\n<li data-section-id=\"tj1l2l\" data-start=\"595\" data-end=\"626\">lekka i wygodna konstrukcja<\/li>\n<li data-section-id=\"11uoy5\" data-start=\"627\" data-end=\"657\">wyrazisty, sportowy design<\/li>\n<li data-section-id=\"rv1m6\" data-start=\"658\" data-end=\"704\">idealna na trening, si\u0142owni\u0119 i na co dzie\u0144<\/li>\n<\/ul>\n<p data-start=\"706\" data-end=\"772\" data-is-last-node=\"\" data-is-only-node=\"\">Poka\u017c swoj\u0105 si\u0142\u0119 i styl \u2013 no\u015b j\u0105 tam, gdzie liczy si\u0119 charakter<\/p>\n<p><img loading=\"lazy\" decoding=\"async\" class=\"alignleft wp-image-735\" src=\"https:\/\/radomiak.sklep.pl\/wp-content\/uploads\/2020\/03\/rozmiarowka.png\" alt=\"\" width=\"160\" height=\"204\" \/><\/p>\n<p><strong>Tabela rozmiar\u00f3w (A\/B)<br \/>\n<\/strong><em>Tolerancja +\/- 1 cm<\/em><br \/>\n<strong>XS: <\/strong>48\/71 cm<strong><br \/>\nS:<\/strong> 51\/73 cm<br \/>\n<strong>M:<\/strong> 54\/75 cm<br \/>\n<strong>L:<\/strong> 56\/77 cm<br \/>\n<strong>XL:<\/strong> 58\/79 cm<br \/>\n<strong>XXL:<\/strong> 60\/81 cm<br \/>\n<strong>XXXL:\u00a0<\/strong>65\/84 cm<\/p>\n","protected":false},"featured_media":67140,"template":"","meta":[],"product_cat":[90,127,18,32,78],"product_tag":[],"class_list":{"0":"post-67127","1":"product","2":"type-product","3":"status-publish","4":"has-post-thumbnail","6":"product_cat-kibicowskie","7":"product_cat-nowosc","8":"product_cat-odziez","9":"product_cat-dla-niego","10":"product_cat-koszulki-meskie","12":"first","13":"instock","14":"shipping-taxable","15":"purchasable","16":"product-type-variable"},"_links":{"self":[{"href":"https:\/\/radomiak.sklep.pl\/index.php?rest_route=\/wp\/v2\/product\/67127"}],"collection":[{"href":"https:\/\/radomiak.sklep.pl\/index.php?rest_route=\/wp\/v2\/product"}],"about":[{"href":"https:\/\/radomiak.sklep.pl\/index.php?rest_route=\/wp\/v2\/types\/product"}],"wp:featuredmedia":[{"embeddable":true,"href":"https:\/\/radomiak.sklep.pl\/index.php?rest_route=\/wp\/v2\/media\/67140"}],"wp:attachment":[{"href":"https:\/\/radomiak.sklep.pl\/index.php?rest_route=%2Fwp%2Fv2%2Fmedia&parent=67127"}],"wp:term":[{"taxonomy":"product_cat","embeddable":true,"href":"https:\/\/radomiak.sklep.pl\/index.php?rest_route=%2Fwp%2Fv2%2Fproduct_cat&post=67127"},{"taxonomy":"product_tag","embeddable":true,"href":"https:\/\/radomiak.sklep.pl\/index.php?rest_route=%2Fwp%2Fv2%2Fproduct_tag&post=67127"}],"curies":[{"name":"wp","href":"https:\/\/api.w.org\/{rel}","templated":true}]}}