{"id":67259,"date":"2026-03-31T13:04:00","date_gmt":"2026-03-31T11:04:00","guid":{"rendered":"https:\/\/radomiak.sklep.pl\/?post_type=product&#038;p=67259"},"modified":"2026-05-05T15:02:04","modified_gmt":"2026-05-05T13:02:04","slug":"spodenki-walczyc-trenowac-radomiak","status":"publish","type":"product","link":"https:\/\/radomiak.sklep.pl\/?product=spodenki-walczyc-trenowac-radomiak","title":{"rendered":"Spodenki Walczy\u0107 Trenowa\u0107 Radomiak"},"content":{"rendered":"","protected":false},"excerpt":{"rendered":"<p>Spodenki do treningu sportowego to kluczowy element wyposa\u017cenia zawodnika, zaprojektowany z my\u015bl\u0105 o ekstremalnych obci\u0105\u017ceniach \u2013 od tarcia w parterze po dynamiczne kopni\u0119cia w st\u00f3jce. Zapewniaj\u0105 maksymaln\u0105 swobod\u0119 ruch\u00f3w, umo\u017cliwiaj\u0105c wysokie kopni\u0119cia bez kr\u0119powania n\u00f3g. Dla bezpiecze\u0144stwa nie posiadaj\u0105 kieszeni ani zamk\u00f3w, a praktyczny rozporek na rzep u\u0142atwia ich zak\u0142adanie.<\/p>\n<ul>\n<li><strong>Sk\u0142ad materia\u0142u: <\/strong>60% poliester, 30% poliamid, 10% elastan<\/li>\n<\/ul>\n<p><img loading=\"lazy\" decoding=\"async\" class=\"alignleft wp-image-51365 \" src=\"https:\/\/radomiak.sklep.pl\/wp-content\/uploads\/2024\/06\/rozmiarowka-spodenki.jpg\" alt=\"\" width=\"192\" height=\"201\" \/><\/p>\n<p><strong>Tabela rozmiar\u00f3w (A\/B)<br \/>\n<\/strong><em>Tolerancja +\/- 1 cm<\/em><br \/>\n<strong>XS: <\/strong>32\/35-80 cm<strong><br \/>\nS:<\/strong> 35\/36-86 cm<br \/>\n<strong>M:<\/strong> 36\/37-90 cm<br \/>\n<strong>L:<\/strong> 38\/38-94 cm<br \/>\n<strong>XL:<\/strong> 39\/39-98 cm<br \/>\n<strong>XXL:<\/strong> 40\/40-102 cm<br \/>\n<strong>XXXL:<\/strong> 42\/41-104 cm<\/p>\n","protected":false},"featured_media":67271,"template":"","meta":[],"product_cat":[90,127,18,32,86],"product_tag":[],"class_list":{"0":"post-67259","1":"product","2":"type-product","3":"status-publish","4":"has-post-thumbnail","6":"product_cat-kibicowskie","7":"product_cat-nowosc","8":"product_cat-odziez","9":"product_cat-dla-niego","10":"product_cat-inne-meskie","12":"first","13":"instock","14":"sale","15":"shipping-taxable","16":"purchasable","17":"product-type-variable"},"_links":{"self":[{"href":"https:\/\/radomiak.sklep.pl\/index.php?rest_route=\/wp\/v2\/product\/67259"}],"collection":[{"href":"https:\/\/radomiak.sklep.pl\/index.php?rest_route=\/wp\/v2\/product"}],"about":[{"href":"https:\/\/radomiak.sklep.pl\/index.php?rest_route=\/wp\/v2\/types\/product"}],"wp:featuredmedia":[{"embeddable":true,"href":"https:\/\/radomiak.sklep.pl\/index.php?rest_route=\/wp\/v2\/media\/67271"}],"wp:attachment":[{"href":"https:\/\/radomiak.sklep.pl\/index.php?rest_route=%2Fwp%2Fv2%2Fmedia&parent=67259"}],"wp:term":[{"taxonomy":"product_cat","embeddable":true,"href":"https:\/\/radomiak.sklep.pl\/index.php?rest_route=%2Fwp%2Fv2%2Fproduct_cat&post=67259"},{"taxonomy":"product_tag","embeddable":true,"href":"https:\/\/radomiak.sklep.pl\/index.php?rest_route=%2Fwp%2Fv2%2Fproduct_tag&post=67259"}],"curies":[{"name":"wp","href":"https:\/\/api.w.org\/{rel}","templated":true}]}}