{"id":67961,"date":"2026-05-06T11:48:17","date_gmt":"2026-05-06T09:48:17","guid":{"rendered":"https:\/\/radomiak.sklep.pl\/?post_type=product&#038;p=67961"},"modified":"2026-05-07T12:47:33","modified_gmt":"2026-05-07T10:47:33","slug":"koszulka-leo-9-legenda","status":"publish","type":"product","link":"https:\/\/radomiak.sklep.pl\/?product=koszulka-leo-9-legenda","title":{"rendered":"Koszulka LEO #9 LEGENDA"},"content":{"rendered":"<section class=\"text-token-text-primary w-full focus:outline-none [--shadow-height:45px] has-data-writing-block:pointer-events-none has-data-writing-block:-mt-(--shadow-height) has-data-writing-block:pt-(--shadow-height) [&amp;:has([data-writing-block])&gt;*]:pointer-events-auto [content-visibility:auto] supports-[content-visibility:auto]:[contain-intrinsic-size:auto_100lvh] R6Vx5W_threadScrollVars scroll-mb-[calc(var(--scroll-root-safe-area-inset-bottom,0px)+var(--thread-response-height))] scroll-mt-[calc(var(--header-height)+min(200px,max(70px,20svh)))]\" dir=\"auto\" data-turn-id=\"request-69f9cad5-50f8-832a-8a4e-0c6f703641a7-2\" data-testid=\"conversation-turn-18\" data-scroll-anchor=\"false\" data-turn=\"assistant\">\n<div class=\"text-base my-auto mx-auto pb-10 [--thread-content-margin:var(--thread-content-margin-xs,calc(var(--spacing)*4))] @w-sm\/main:[--thread-content-margin:var(--thread-content-margin-sm,calc(var(--spacing)*6))] @w-lg\/main:[--thread-content-margin:var(--thread-content-margin-lg,calc(var(--spacing)*16))] px-(--thread-content-margin)\">\n<div class=\"[--thread-content-max-width:40rem] @w-lg\/main:[--thread-content-max-width:48rem] mx-auto max-w-(--thread-content-max-width) flex-1 group\/turn-messages focus-visible:outline-hidden relative flex w-full min-w-0 flex-col agent-turn\">\n<div class=\"flex max-w-full flex-col gap-4 grow\">\n<div class=\"min-h-8 text-message relative flex w-full flex-col items-end gap-2 text-start break-words whitespace-normal outline-none keyboard-focused:focus-ring [.text-message+&amp;]:mt-1\" dir=\"auto\" tabindex=\"0\" data-message-author-role=\"assistant\" data-message-id=\"1370bad7-8c84-431f-b8ca-d23da8015fc1\" data-message-model-slug=\"gpt-5-5\" data-turn-start-message=\"true\">\n<div class=\"flex w-full flex-col gap-1 empty:hidden\">\n<div class=\"markdown prose dark:prose-invert w-full wrap-break-word light markdown-new-styling\">\n<h3 data-section-id=\"8luloj\" data-start=\"803\" data-end=\"822\">\ud83d\udcd0 Jak mierzy\u0107?<\/h3>\n<ul data-start=\"823\" data-end=\"885\">\n<li data-section-id=\"pjc3nw\" data-start=\"823\" data-end=\"851\"><strong data-start=\"825\" data-end=\"830\">A<\/strong> \u2014 d\u0142ugo\u015b\u0107 koszulki<\/li>\n<li data-section-id=\"1g2i6pf\" data-start=\"852\" data-end=\"885\"><strong data-start=\"854\" data-end=\"859\">B<\/strong> \u2014 szeroko\u015b\u0107 pod pachami<\/li>\n<\/ul>\n<p data-start=\"887\" data-end=\"925\" data-is-last-node=\"\" data-is-only-node=\"\">\u27a1\ufe0f Wymiary mog\u0105 r\u00f3\u017cni\u0107 si\u0119 o +\/- 2 cm.<\/p>\n<h3 data-section-id=\"7oc0pe\" data-start=\"49\" data-end=\"63\">\ud83d\udc55 Damskie<\/h3>\n<div class=\"TyagGW_tableContainer\">\n<div class=\"group TyagGW_tableWrapper flex flex-col-reverse w-fit\" tabindex=\"-1\">\n<table class=\"w-fit min-w-(--thread-content-width)\" data-start=\"65\" data-end=\"233\">\n<thead data-start=\"65\" data-end=\"106\">\n<tr data-start=\"65\" data-end=\"106\">\n<th class=\"\" data-start=\"65\" data-end=\"75\" data-col-size=\"sm\">Rozmiar<\/th>\n<th class=\"\" data-start=\"75\" data-end=\"89\" data-col-size=\"sm\">A (d\u0142ugo\u015b\u0107)<\/th>\n<th class=\"\" data-start=\"89\" data-end=\"106\" data-col-size=\"sm\">B (szeroko\u015b\u0107)<\/th>\n<\/tr>\n<\/thead>\n<tbody data-start=\"121\" data-end=\"233\">\n<tr data-start=\"121\" data-end=\"142\">\n<td data-start=\"121\" data-end=\"125\" data-col-size=\"sm\">S<\/td>\n<td data-start=\"125\" data-end=\"133\" data-col-size=\"sm\">61 cm<\/td>\n<td data-start=\"133\" data-end=\"142\" data-col-size=\"sm\">41 cm<\/td>\n<\/tr>\n<tr data-start=\"143\" data-end=\"164\">\n<td data-start=\"143\" data-end=\"147\" data-col-size=\"sm\">M<\/td>\n<td data-start=\"147\" data-end=\"155\" data-col-size=\"sm\">63 cm<\/td>\n<td data-start=\"155\" data-end=\"164\" data-col-size=\"sm\">44 cm<\/td>\n<\/tr>\n<tr data-start=\"165\" data-end=\"186\">\n<td data-start=\"165\" data-end=\"169\" data-col-size=\"sm\">L<\/td>\n<td data-start=\"169\" data-end=\"177\" data-col-size=\"sm\">65 cm<\/td>\n<td data-start=\"177\" data-end=\"186\" data-col-size=\"sm\">47 cm<\/td>\n<\/tr>\n<tr data-start=\"187\" data-end=\"209\">\n<td data-start=\"187\" data-end=\"192\" data-col-size=\"sm\">XL<\/td>\n<td data-start=\"192\" data-end=\"200\" data-col-size=\"sm\">67 cm<\/td>\n<td data-start=\"200\" data-end=\"209\" data-col-size=\"sm\">50 cm<\/td>\n<\/tr>\n<tr data-start=\"210\" data-end=\"233\">\n<td data-start=\"210\" data-end=\"216\" data-col-size=\"sm\">XXL<\/td>\n<td data-start=\"216\" data-end=\"224\" data-col-size=\"sm\">69 cm<\/td>\n<td data-start=\"224\" data-end=\"233\" data-col-size=\"sm\">53 cm<\/td>\n<\/tr>\n<\/tbody>\n<\/table>\n<\/div>\n<\/div>\n<hr data-start=\"235\" data-end=\"238\" \/>\n<h3 data-section-id=\"h0fh5m\" data-start=\"240\" data-end=\"256\">\ud83d\udc66 Dzieci\u0119ce<\/h3>\n<div class=\"TyagGW_tableContainer\">\n<div class=\"group TyagGW_tableWrapper flex flex-col-reverse w-fit\" tabindex=\"-1\">\n<table class=\"w-fit min-w-(--thread-content-width)\" data-start=\"258\" data-end=\"559\">\n<thead data-start=\"258\" data-end=\"308\">\n<tr data-start=\"258\" data-end=\"308\">\n<th class=\"\" data-start=\"258\" data-end=\"268\" data-col-size=\"sm\">Rozmiar<\/th>\n<th class=\"\" data-start=\"268\" data-end=\"277\" data-col-size=\"sm\">Wzrost<\/th>\n<th class=\"\" data-start=\"277\" data-end=\"291\" data-col-size=\"sm\">A (d\u0142ugo\u015b\u0107)<\/th>\n<th class=\"\" data-start=\"291\" data-end=\"308\" data-col-size=\"sm\">B (szeroko\u015b\u0107)<\/th>\n<\/tr>\n<\/thead>\n<tbody data-start=\"327\" data-end=\"559\">\n<tr data-start=\"327\" data-end=\"363\">\n<td data-start=\"327\" data-end=\"335\" data-col-size=\"sm\">2 lata<\/td>\n<td data-start=\"335\" data-end=\"346\" data-col-size=\"sm\">86\u201394 cm<\/td>\n<td data-start=\"346\" data-end=\"354\" data-col-size=\"sm\">40 cm<\/td>\n<td data-start=\"354\" data-end=\"363\" data-col-size=\"sm\">29 cm<\/td>\n<\/tr>\n<tr data-start=\"364\" data-end=\"401\">\n<td data-start=\"364\" data-end=\"372\" data-col-size=\"sm\">4 lata<\/td>\n<td data-start=\"372\" data-end=\"384\" data-col-size=\"sm\">96\u2013104 cm<\/td>\n<td data-start=\"384\" data-end=\"392\" data-col-size=\"sm\">43 cm<\/td>\n<td data-start=\"392\" data-end=\"401\" data-col-size=\"sm\">32 cm<\/td>\n<\/tr>\n<tr data-start=\"402\" data-end=\"440\">\n<td data-start=\"402\" data-end=\"410\" data-col-size=\"sm\">6 lat<\/td>\n<td data-start=\"410\" data-end=\"423\" data-col-size=\"sm\">106\u2013116 cm<\/td>\n<td data-start=\"423\" data-end=\"431\" data-col-size=\"sm\">46 cm<\/td>\n<td data-start=\"431\" data-end=\"440\" data-col-size=\"sm\">35 cm<\/td>\n<\/tr>\n<tr data-start=\"441\" data-end=\"479\">\n<td data-start=\"441\" data-end=\"449\" data-col-size=\"sm\">8 lat<\/td>\n<td data-start=\"449\" data-end=\"462\" data-col-size=\"sm\">118\u2013128 cm<\/td>\n<td data-start=\"462\" data-end=\"470\" data-col-size=\"sm\">49 cm<\/td>\n<td data-start=\"470\" data-end=\"479\" data-col-size=\"sm\">38 cm<\/td>\n<\/tr>\n<tr data-start=\"480\" data-end=\"519\">\n<td data-start=\"480\" data-end=\"489\" data-col-size=\"sm\">10 lat<\/td>\n<td data-start=\"489\" data-end=\"502\" data-col-size=\"sm\">130\u2013140 cm<\/td>\n<td data-start=\"502\" data-end=\"510\" data-col-size=\"sm\">52 cm<\/td>\n<td data-start=\"510\" data-end=\"519\" data-col-size=\"sm\">41 cm<\/td>\n<\/tr>\n<tr data-start=\"520\" data-end=\"559\">\n<td data-start=\"520\" data-end=\"529\" data-col-size=\"sm\">12 lat<\/td>\n<td data-start=\"529\" data-end=\"542\" data-col-size=\"sm\">142\u2013152 cm<\/td>\n<td data-start=\"542\" data-end=\"550\" data-col-size=\"sm\">55 cm<\/td>\n<td data-start=\"550\" data-end=\"559\" data-col-size=\"sm\">44 cm<\/td>\n<\/tr>\n<\/tbody>\n<\/table>\n<\/div>\n<\/div>\n<hr data-start=\"561\" data-end=\"564\" \/>\n<h3 data-section-id=\"kacefi\" data-start=\"566\" data-end=\"579\">\ud83d\udc55 M\u0119skie<\/h3>\n<div class=\"TyagGW_tableContainer\">\n<div class=\"group TyagGW_tableWrapper flex flex-col-reverse w-fit\" tabindex=\"-1\">\n<table class=\"w-fit min-w-(--thread-content-width)\" data-start=\"581\" data-end=\"796\">\n<thead data-start=\"581\" data-end=\"622\">\n<tr data-start=\"581\" data-end=\"622\">\n<th class=\"\" data-start=\"581\" data-end=\"591\" data-col-size=\"sm\">Rozmiar<\/th>\n<th class=\"\" data-start=\"591\" data-end=\"605\" data-col-size=\"sm\">A (d\u0142ugo\u015b\u0107)<\/th>\n<th class=\"\" data-start=\"605\" data-end=\"622\" data-col-size=\"sm\">B (szeroko\u015b\u0107)<\/th>\n<\/tr>\n<\/thead>\n<tbody data-start=\"637\" data-end=\"796\">\n<tr data-start=\"637\" data-end=\"659\">\n<td data-start=\"637\" data-end=\"642\" data-col-size=\"sm\">XS<\/td>\n<td data-start=\"642\" data-end=\"650\" data-col-size=\"sm\">64 cm<\/td>\n<td data-start=\"650\" data-end=\"659\" data-col-size=\"sm\">48 cm<\/td>\n<\/tr>\n<tr data-start=\"660\" data-end=\"681\">\n<td data-start=\"660\" data-end=\"664\" data-col-size=\"sm\">S<\/td>\n<td data-start=\"664\" data-end=\"672\" data-col-size=\"sm\">70 cm<\/td>\n<td data-start=\"672\" data-end=\"681\" data-col-size=\"sm\">50 cm<\/td>\n<\/tr>\n<tr data-start=\"682\" data-end=\"703\">\n<td data-start=\"682\" data-end=\"686\" data-col-size=\"sm\">M<\/td>\n<td data-start=\"686\" data-end=\"694\" data-col-size=\"sm\">72 cm<\/td>\n<td data-start=\"694\" data-end=\"703\" data-col-size=\"sm\">53 cm<\/td>\n<\/tr>\n<tr data-start=\"704\" data-end=\"725\">\n<td data-start=\"704\" data-end=\"708\" data-col-size=\"sm\">L<\/td>\n<td data-start=\"708\" data-end=\"716\" data-col-size=\"sm\">74 cm<\/td>\n<td data-start=\"716\" data-end=\"725\" data-col-size=\"sm\">56 cm<\/td>\n<\/tr>\n<tr data-start=\"726\" data-end=\"748\">\n<td data-start=\"726\" data-end=\"731\" data-col-size=\"sm\">XL<\/td>\n<td data-start=\"731\" data-end=\"739\" data-col-size=\"sm\">76 cm<\/td>\n<td data-start=\"739\" data-end=\"748\" data-col-size=\"sm\">59 cm<\/td>\n<\/tr>\n<tr data-start=\"749\" data-end=\"772\">\n<td data-start=\"749\" data-end=\"755\" data-col-size=\"sm\">XXL<\/td>\n<td data-start=\"755\" data-end=\"763\" data-col-size=\"sm\">78 cm<\/td>\n<td data-start=\"763\" data-end=\"772\" data-col-size=\"sm\">62 cm<\/td>\n<\/tr>\n<tr data-start=\"773\" data-end=\"796\">\n<td data-start=\"773\" data-end=\"779\" data-col-size=\"sm\">3XL<\/td>\n<td data-start=\"779\" data-end=\"787\" data-col-size=\"sm\">80 cm<\/td>\n<td data-start=\"787\" data-end=\"796\" data-col-size=\"sm\">65 cm<\/td>\n<\/tr>\n<\/tbody>\n<\/table>\n<\/div>\n<\/div>\n<\/div>\n<\/div>\n<\/div>\n<\/div>\n<\/div>\n<\/div>\n<\/section>\n","protected":false},"excerpt":{"rendered":"<p data-start=\"49\" data-end=\"162\">16 maja wsp\u00f3lnie \u017cegnamy zawodnika, kt\u00f3ry na zawsze zapisa\u0142 si\u0119 w historii <span class=\"hover:entity-accent entity-underline inline cursor-pointer align-baseline\"><span class=\"whitespace-normal\">Radomiaka<\/span><\/span>. Z tej okazji przygotowali\u015bmy wyj\u0105tkow\u0105, okazjonaln\u0105 koszulk\u0119 \u201eLEO #9 LEGENDA\u201d po\u015bwi\u0119con\u0105 <span class=\"hover:entity-accent entity-underline inline cursor-pointer align-baseline\"><span class=\"whitespace-normal\">Leandro Rossi Pereira<\/span><\/span>. To nie tylko koszulka, to pami\u0105tka wyj\u0105tkowego dnia i ho\u0142d dla \u017cywej legendy Radomiaka.<\/p>\n<h2 data-section-id=\"129hiyx\" data-start=\"378\" data-end=\"472\"><span style=\"font-size: 14pt;\">\ud83d\udfe2 S\u0105 zawodnicy, kt\u00f3rych si\u0119 pami\u0119ta. S\u0105 te\u017c tacy, kt\u00f3rzy staj\u0105 si\u0119 cz\u0119\u015bci\u0105 historii klubu.<\/span><\/h2>\n<p data-start=\"474\" data-end=\"635\">Leandro przez lata dawa\u0142 kibicom emocje, walk\u0119 i chwile, kt\u00f3rych nie da si\u0119 zapomnie\u0107. 16 maja ca\u0142y stadion podzi\u0119kuje mu za wszystko, co zrobi\u0142 dla Radomiaka. Za kilka lat wielu kibic\u00f3w b\u0119dzie wspomina\u0107 ten wiecz\u00f3r. Ta koszulka zostanie z Tob\u0105 du\u017co d\u0142u\u017cej ni\u017c sam mecz.<\/p>\n<p data-start=\"751\" data-end=\"804\"><span style=\"font-size: 14pt;\">\ud83d\udc55 <strong>Je\u015bli jeste\u015b cz\u0119\u015bci\u0105 tej historii, musisz j\u0105 mie\u0107.<\/strong><\/span><\/p>\n<p data-start=\"751\" data-end=\"804\"><span style=\"color: #ff0000;\"><strong>Koszulki zam\u00f3wione w PRE ORDERZE b\u0119d\u0105 do odbioru\/wysy\u0142ki po 11 maja!<\/strong><\/span><\/p>\n","protected":false},"featured_media":67969,"template":"","meta":[],"product_cat":[90,127,18,32,78,33,79,20,80],"product_tag":[],"class_list":{"0":"post-67961","1":"product","2":"type-product","3":"status-publish","4":"has-post-thumbnail","6":"product_cat-kibicowskie","7":"product_cat-nowosc","8":"product_cat-odziez","9":"product_cat-dla-niego","10":"product_cat-koszulki-meskie","11":"product_cat-dla-niej","12":"product_cat-koszulki-damskie","13":"product_cat-dla-dziecka","14":"product_cat-koszulki-dzieciece","15":"product_shipping_class-leo","17":"first","18":"instock","19":"shipping-taxable","20":"purchasable","21":"product-type-variable"},"_links":{"self":[{"href":"https:\/\/radomiak.sklep.pl\/index.php?rest_route=\/wp\/v2\/product\/67961"}],"collection":[{"href":"https:\/\/radomiak.sklep.pl\/index.php?rest_route=\/wp\/v2\/product"}],"about":[{"href":"https:\/\/radomiak.sklep.pl\/index.php?rest_route=\/wp\/v2\/types\/product"}],"wp:featuredmedia":[{"embeddable":true,"href":"https:\/\/radomiak.sklep.pl\/index.php?rest_route=\/wp\/v2\/media\/67969"}],"wp:attachment":[{"href":"https:\/\/radomiak.sklep.pl\/index.php?rest_route=%2Fwp%2Fv2%2Fmedia&parent=67961"}],"wp:term":[{"taxonomy":"product_cat","embeddable":true,"href":"https:\/\/radomiak.sklep.pl\/index.php?rest_route=%2Fwp%2Fv2%2Fproduct_cat&post=67961"},{"taxonomy":"product_tag","embeddable":true,"href":"https:\/\/radomiak.sklep.pl\/index.php?rest_route=%2Fwp%2Fv2%2Fproduct_tag&post=67961"}],"curies":[{"name":"wp","href":"https:\/\/api.w.org\/{rel}","templated":true}]}}