{"id":7763,"date":"2024-09-18T09:33:23","date_gmt":"2024-09-18T07:33:23","guid":{"rendered":"http:\/\/radomiak.sklep.pl\/?post_type=product&#038;p=7763"},"modified":"2026-01-19T11:04:39","modified_gmt":"2026-01-19T10:04:39","slug":"plecak-worek-radomiak-radom-zielony","status":"publish","type":"product","link":"https:\/\/radomiak.sklep.pl\/?product=plecak-worek-radomiak-radom-zielony","title":{"rendered":"Plecak worek Radomiak Radom &#8211; zielony"},"content":{"rendered":"","protected":false},"excerpt":{"rendered":"<ul>\n<li>Dwa boczne sznurki \u015bci\u0105gaj\u0105ce<\/li>\n<li>Solidny materia\u0142<\/li>\n<\/ul>\n","protected":false},"featured_media":7764,"template":"","meta":[],"product_cat":[89,19],"product_tag":[],"class_list":{"0":"post-7763","1":"product","2":"type-product","3":"status-publish","4":"has-post-thumbnail","6":"product_cat-klubowe","7":"product_cat-gadzety","9":"first","10":"instock","11":"shipping-taxable","12":"purchasable","13":"product-type-simple"},"_links":{"self":[{"href":"https:\/\/radomiak.sklep.pl\/index.php?rest_route=\/wp\/v2\/product\/7763"}],"collection":[{"href":"https:\/\/radomiak.sklep.pl\/index.php?rest_route=\/wp\/v2\/product"}],"about":[{"href":"https:\/\/radomiak.sklep.pl\/index.php?rest_route=\/wp\/v2\/types\/product"}],"wp:featuredmedia":[{"embeddable":true,"href":"https:\/\/radomiak.sklep.pl\/index.php?rest_route=\/wp\/v2\/media\/7764"}],"wp:attachment":[{"href":"https:\/\/radomiak.sklep.pl\/index.php?rest_route=%2Fwp%2Fv2%2Fmedia&parent=7763"}],"wp:term":[{"taxonomy":"product_cat","embeddable":true,"href":"https:\/\/radomiak.sklep.pl\/index.php?rest_route=%2Fwp%2Fv2%2Fproduct_cat&post=7763"},{"taxonomy":"product_tag","embeddable":true,"href":"https:\/\/radomiak.sklep.pl\/index.php?rest_route=%2Fwp%2Fv2%2Fproduct_tag&post=7763"}],"curies":[{"name":"wp","href":"https:\/\/api.w.org\/{rel}","templated":true}]}}