{"id":942,"date":"2020-04-07T21:18:49","date_gmt":"2020-04-07T19:18:49","guid":{"rendered":"http:\/\/radomiak.sklep.pl\/?post_type=product&#038;p=942"},"modified":"2020-04-07T21:18:44","modified_gmt":"2020-04-07T19:18:44","slug":"cegielka-wsparcie-akademii-radomiaka","status":"publish","type":"product","link":"https:\/\/radomiak.sklep.pl\/?product=cegielka-wsparcie-akademii-radomiaka","title":{"rendered":"Cegie\u0142ka &#8211; wsparcie Akademii Radomiaka!"},"content":{"rendered":"","protected":false},"excerpt":{"rendered":"<ul>\n<li>Cegie\u0142ka na rzecz wspierania m\u0142odych pi\u0142karzy Akademii Radomiaka.<\/li>\n<li>Ca\u0142a kwota z zakupionych cegie\u0142ek zostanie przekazana na rozw\u00f3j m\u0142odych talent\u00f3w Akademii Radomiaka.<\/li>\n<li>Akcja zorganizowana przez Kibic\u00f3w Radomiaka.<\/li>\n<li>Minimalna kwota 5 z\u0142otych.<\/li>\n<\/ul>\n","protected":false},"featured_media":943,"template":"","meta":[],"product_cat":[15],"product_tag":[],"class_list":{"0":"post-942","1":"product","2":"type-product","3":"status-publish","4":"has-post-thumbnail","6":"product_cat-bez-kategorii","8":"first","9":"instock","10":"virtual","11":"purchasable","12":"product-type-simple"},"_links":{"self":[{"href":"https:\/\/radomiak.sklep.pl\/index.php?rest_route=\/wp\/v2\/product\/942"}],"collection":[{"href":"https:\/\/radomiak.sklep.pl\/index.php?rest_route=\/wp\/v2\/product"}],"about":[{"href":"https:\/\/radomiak.sklep.pl\/index.php?rest_route=\/wp\/v2\/types\/product"}],"wp:featuredmedia":[{"embeddable":true,"href":"https:\/\/radomiak.sklep.pl\/index.php?rest_route=\/wp\/v2\/media\/943"}],"wp:attachment":[{"href":"https:\/\/radomiak.sklep.pl\/index.php?rest_route=%2Fwp%2Fv2%2Fmedia&parent=942"}],"wp:term":[{"taxonomy":"product_cat","embeddable":true,"href":"https:\/\/radomiak.sklep.pl\/index.php?rest_route=%2Fwp%2Fv2%2Fproduct_cat&post=942"},{"taxonomy":"product_tag","embeddable":true,"href":"https:\/\/radomiak.sklep.pl\/index.php?rest_route=%2Fwp%2Fv2%2Fproduct_tag&post=942"}],"curies":[{"name":"wp","href":"https:\/\/api.w.org\/{rel}","templated":true}]}}